{"id":1161,"date":"2012-05-14T10:41:18","date_gmt":"2012-05-14T15:41:18","guid":{"rendered":"http:\/\/alvaronoboa.webfactional.com\/?page_id=1161"},"modified":"2012-05-14T11:15:42","modified_gmt":"2012-05-14T16:15:42","slug":"foundation-activities","status":"publish","type":"page","link":"https:\/\/www.alvaronoboa.com\/en\/foundation-activities\/","title":{"rendered":"Foundation Activities"},"content":{"rendered":"<p>&nbsp;<\/p>\n<p><img loading=\"lazy\" class=\"alignleft\" src=\"http:\/\/www.alvaronoboa.com\/fotos\/FundacionAlvaro1.jpg\" alt=\"\" width=\"300\" height=\"200\" \/>\u00a0The monitoring work done by Abogado \u00c1lvaro Noboa is realized daily, throughout all Ecuador, in order to check the work of medical teams, and deliver personally to students in public schools computers with Internet service; wheelchairs and prosthetic devices to\u00a0the disabled; to give football balls to children and youth of the marginal sectors, and telling them this message: &#8220;Yes to sports, not drugs,&#8221; a phrase which is printed on the sporting equipment.<\/p>\n<p>An everyday activity is to go around several slums in the cities of Guayaquil, Quito, Babahoyo, Portoviejo, Rocafuerte, Tosagua, Pedernales and Cuenca.<\/p>\n<p><img loading=\"lazy\" class=\"alignleft\" src=\"http:\/\/www.alvaronoboa.com\/fotos\/FundacionAlvaro2.jpg\" alt=\"\" width=\"300\" height=\"200\" \/>\u00c1lvaro Noboa has delivered computers with free Internet service to the country&#8217;s poor students, giving them the opportunity to connect with the centers of educational and cultural information worldwide.\u00a0In this way, students expand their knowledge, and teachers also train themselves, this important tool, helps to the improvement of the quality of education in the country.<\/p>\n<p>There are several schools that have received computers personally from \u00c1lvaro Noboa with printers and free Internet service:<\/p>\n<p><img loading=\"lazy\" class=\"alignleft\" src=\"http:\/\/www.alvaronoboa.com\/fotos\/FundacionMedicinas1.jpg\" alt=\"\" width=\"300\" height=\"200\" \/>Carmen Calixto de Borja, Mercedes Ycaza de Rold\u00f3s, Cacique Tomal\u00e1, Alfredo Portaluppi, Gast\u00f3n Calder\u00f3n Sotomayor, Rep\u00fablica de L\u00edbano, Quito, Euclides Arturo Mazon, Luis Poveda Orellana, Augusto Pazmi\u00f1o, Francisco Cevallos, Nueva Aurora, Bloque 21 Flor de Basti\u00f3n, Bol\u00edvar Cali Baja\u00f1a, Carmen Pita Sol\u00eds, Escuela Espa\u00f1a, Angel Pedro Giler.<\/p>\n<p>In summary, until today, the &#8220;Crusade for a New Humanity Foundation&#8221; has delivered 200 computers to public schools in several cantons of the country.<\/p>\n<p><img loading=\"lazy\" class=\"alignleft\" src=\"http:\/\/www.alvaronoboa.com\/fotos\/FundacionAlimentos1.jpg\" alt=\"\" width=\"300\" height=\"200\" \/>Walking in the neighborhoods and visiting from house to house, \u00c1lvaro Noboa delivered wheelchairs to poor disabled people, who are condemned to spend their lives in bed, unable to move anywhere, for lack of funds to purchase wheelchairs.\u00a0Approximately 400 wheelchairs were donated and orthopedic prostheses.<\/p>\n<p>And finally to support the sport, about 30 neighborhood teams composed of young teenagers have received from \u00c1lvaro Noboa soccer balls with the message &#8220;Yes to sports, not drugs.&#8221;<\/p>\n<p>Only by feeling the reality of the country: Pain, disease, lack of employment, food, and access to education, health, housing, can raise awareness of social responsibility that also entrepreneurs have to helping fight poverty.<\/p>\n<p>This is the message that \u00c1lvaro Noboa transmit with his thoughts and actions of everyday, whose mission is to serve and work for the poorest in the country for promote the change in Ecuador.<\/p>\n","protected":false},"excerpt":{"rendered":"<p>&nbsp; \u00a0The monitoring work done by Abogado \u00c1lvaro Noboa is realized daily, throughout all Ecuador, in order to check the work of medical teams, and deliver personally to students in public schools computers with Internet service; wheelchairs and prosthetic devices to\u00a0the disabled; to give football balls to children and youth of the marginal sectors, and telling them this message: &#8220;Yes to sports, not drugs,&#8221; a phrase which is printed on the sporting equipment. An everyday activity is to go around several slums in the cities of Guayaquil, Quito, Babahoyo, Portoviejo, Rocafuerte, Tosagua, Pedernales and Cuenca. \u00c1lvaro Noboa has delivered computers with free Internet service to the country&#8217;s poor students, giving them the opportunity to connect with the centers of educational and cultural information worldwide.\u00a0In this way, students expand their knowledge, and teachers also train themselves, this important tool, helps to&nbsp;<a href=\"https:\/\/www.alvaronoboa.com\/en\/foundation-activities\/\" class=\"read-more\">Continue Reading<\/a><\/p>\n","protected":false},"author":15,"featured_media":0,"parent":0,"menu_order":0,"comment_status":"closed","ping_status":"closed","template":"","meta":[],"_links":{"self":[{"href":"https:\/\/www.alvaronoboa.com\/en\/wp-json\/wp\/v2\/pages\/1161"}],"collection":[{"href":"https:\/\/www.alvaronoboa.com\/en\/wp-json\/wp\/v2\/pages"}],"about":[{"href":"https:\/\/www.alvaronoboa.com\/en\/wp-json\/wp\/v2\/types\/page"}],"author":[{"embeddable":true,"href":"https:\/\/www.alvaronoboa.com\/en\/wp-json\/wp\/v2\/users\/15"}],"replies":[{"embeddable":true,"href":"https:\/\/www.alvaronoboa.com\/en\/wp-json\/wp\/v2\/comments?post=1161"}],"version-history":[{"count":0,"href":"https:\/\/www.alvaronoboa.com\/en\/wp-json\/wp\/v2\/pages\/1161\/revisions"}],"wp:attachment":[{"href":"https:\/\/www.alvaronoboa.com\/en\/wp-json\/wp\/v2\/media?parent=1161"}],"curies":[{"name":"wp","href":"https:\/\/api.w.org\/{rel}","templated":true}]}}